{"id":11460,"date":"2019-09-04T08:19:27","date_gmt":"2019-09-04T08:19:27","guid":{"rendered":"http:\/\/ninzio.com\/amber\/?page_id=11460"},"modified":"2026-03-26T03:05:40","modified_gmt":"2026-03-26T03:05:40","slug":"home-saas","status":"publish","type":"page","link":"https:\/\/vzsurgerycenter.com\/","title":{"rendered":"Dr. Valent\u00edn Zamudio Trujillo"},"content":{"rendered":"<section class=\"wpb-content-wrapper\"><p>[vc_row css=&#8221;.vc_custom_1682573438169{background-image: url(https:\/\/vzsurgerycenter.com\/wp-content\/uploads\/png_20230426_173521_0000.png?id=12803) !important;background-position: center !important;background-repeat: no-repeat !important;background-size: cover !important;}&#8221;][vc_column]\r\n\t<div class=\"ambersix-spacer clearfix\" data-desktop=\"150\" data-mobi=\"100\" data-smobi=\"100\"><\/div>[\/vc_column][vc_column width=&#8221;1\/2&#8243;]\r\n\t<div class=\"ambersix-spacer clearfix\" data-desktop=\"80\" data-mobi=\"50\" data-smobi=\"50\"><\/div><div class=\"ambersix-headings clearfix \" data-font=50 data-mfont=35 style=\"\"><h2 class=\"heading clearfix \" style=\"color:#ffffff;line-height:55px;margin-bottom:25px;font-size:50px;\">\r\n\t\tDr. Valent\u00edn Zamudio\r\n\t<\/h2><\/div>\r\n\t<div class=\"ambersix-spacer clearfix\" data-desktop=\"30\" data-mobi=\"20\" data-smobi=\"20\"><\/div><div class=\"ambersix-headings clearfix \" data-font=28 data-mfont=20 style=\"\"><h2 class=\"heading clearfix \" style=\"color:#ffffff;line-height:35px;margin-bottom:25px;font-size:28px;\">\r\n\t\tM\u00e9dico Especializado y Certificado en Cirug\u00eda Pl\u00e1stica Reconstructiva y Est\u00e9tica\r\n\t<\/h2><\/div>\r\n\t<div class=\"ambersix-spacer clearfix\" data-desktop=\"30\" data-mobi=\"20\" data-smobi=\"20\"><\/div><div class=\"button-wrap icon-right\" style=\"\" ><a href=\"\/?page_id=1316\" target=\"_blank\" class=\"ambersix-button btn-1028144080 medium no_icon custom custom outline solid custom\" style=\"padding:5px 35px 5px 35px;font-size:22px;border-radius:10px;border-width:1px;\"  data-background=\"#ffc939\" data-text=\"#ffffff\" data-border=\"#ffc939\">\r\n\t\t<span style=\"\">Ver m\u00e1s <\/span>\r\n\t<\/a><\/div>\r\n\t<div class=\"ambersix-spacer clearfix\" data-desktop=\"50\" data-mobi=\"30\" data-smobi=\"30\"><\/div>[\/vc_column][vc_column width=&#8221;1\/2&#8243;]<div class=\"ambersix-simple-image \" data-reveal=\"true\" data-reveal-options='{\"direction\":\"lr\",\"bgcolor\":\"#dddddd\"}'>\r\n\t\t\t\t<figure style=\"border-radius:10px;overflow:hidden;\"><img decoding=\"async\" alt=\"image\" src=\"https:\/\/vzsurgerycenter.com\/wp-content\/uploads\/dr-zamudio-1.jpg?wsr\" \/> <\/figure>\r\n\t\t\t<\/div>\r\n\t<div class=\"ambersix-spacer clearfix\" data-desktop=\"50\" data-mobi=\"30\" data-smobi=\"30\"><\/div>[\/vc_column][vc_column]\r\n\t<div class=\"ambersix-spacer clearfix\" data-desktop=\"150\" data-mobi=\"100\" data-smobi=\"100\"><\/div>[\/vc_column][\/vc_row][vc_row][vc_column]\r\n\t<div class=\"ambersix-spacer clearfix\" data-desktop=\"120\" data-mobi=\"60\" data-smobi=\"60\"><\/div><div class=\"ambersix-headings clearfix text-center wow fadeInUp\" data-font=28 data-wow-duration=\"0.75s\" data-wow-delay=\"0.3s\" style=\"\"><div class=\"sep  clearfix\" style=\"width:80px;height:2px;background-color:#79d3d1;\"><\/div><h2 class=\"heading clearfix \" style=\"margin-top:21px;margin-bottom:21px;font-size:28px;\">\r\n\t\tCertificaciones\r\n\t<\/h2><\/div>[vc_row_inner][vc_column_inner width=&#8221;1\/3&#8243; offset=&#8221;vc_hidden-xs&#8221;][\/vc_column_inner][vc_column_inner width=&#8221;1\/6&#8243; offset=&#8221;vc_col-xs-6&#8243;]<div class=\"ambersix-image-box clearfix style-1 text-center\" style=\"\" >\r\n        <div class=\"item\">\r\n            <div class=\"inner\">\r\n                <div class=\"thumb\" style=\"\"><img loading=\"lazy\" decoding=\"async\" width=\"1927\" height=\"1927\" src=\"https:\/\/vzsurgerycenter.com\/wp-content\/uploads\/cmcp.png?wsr\" class=\"attachment-full size-full\" alt=\"\" srcset=\"https:\/\/vzsurgerycenter.com\/wp-content\/uploads\/cmcp.png 1927w, https:\/\/vzsurgerycenter.com\/wp-content\/uploads\/cmcp-800x800.png 800w, https:\/\/vzsurgerycenter.com\/wp-content\/uploads\/cmcp-1024x1024.png 1024w, https:\/\/vzsurgerycenter.com\/wp-content\/uploads\/cmcp-150x150.png 150w, https:\/\/vzsurgerycenter.com\/wp-content\/uploads\/cmcp-768x768.png 768w, https:\/\/vzsurgerycenter.com\/wp-content\/uploads\/cmcp-1536x1536.png 1536w, https:\/\/vzsurgerycenter.com\/wp-content\/uploads\/cmcp-640x640.png 640w, https:\/\/vzsurgerycenter.com\/wp-content\/uploads\/cmcp-140x140.png 140w, https:\/\/vzsurgerycenter.com\/wp-content\/uploads\/cmcp-550x550.png 550w, https:\/\/vzsurgerycenter.com\/wp-content\/uploads\/cmcp-100x100.png 100w\" sizes=\"auto, (max-width: 1927px) 100vw, 1927px\" \/> <\/div>\r\n                <div class=\"text-wrap \" style=\"\">\r\n                    <div class=\"text-inner\"><h3 class=\"title\" style=\"color:#000000;\">\r\n            CMCPER1713\r\n        <\/h3>  <\/div>\r\n                <\/div>\r\n                \r\n            <\/div>\r\n        <\/div>\r\n    <\/div>[\/vc_column_inner][vc_column_inner width=&#8221;1\/6&#8243; offset=&#8221;vc_col-xs-6&#8243;]<div class=\"ambersix-image-box clearfix style-1 text-center\" style=\"\" >\r\n        <div class=\"item\">\r\n            <div class=\"inner\">\r\n                <div class=\"thumb\" style=\"\"><img loading=\"lazy\" decoding=\"async\" width=\"1927\" height=\"1927\" src=\"https:\/\/vzsurgerycenter.com\/wp-content\/uploads\/15_20230317_114719_0013-1.png?wsr\" class=\"attachment-full size-full\" alt=\"\" srcset=\"https:\/\/vzsurgerycenter.com\/wp-content\/uploads\/15_20230317_114719_0013-1.png 1927w, https:\/\/vzsurgerycenter.com\/wp-content\/uploads\/15_20230317_114719_0013-1-800x800.png 800w, https:\/\/vzsurgerycenter.com\/wp-content\/uploads\/15_20230317_114719_0013-1-1024x1024.png 1024w, https:\/\/vzsurgerycenter.com\/wp-content\/uploads\/15_20230317_114719_0013-1-150x150.png 150w, https:\/\/vzsurgerycenter.com\/wp-content\/uploads\/15_20230317_114719_0013-1-768x768.png 768w, https:\/\/vzsurgerycenter.com\/wp-content\/uploads\/15_20230317_114719_0013-1-1536x1536.png 1536w, https:\/\/vzsurgerycenter.com\/wp-content\/uploads\/15_20230317_114719_0013-1-640x640.png 640w, https:\/\/vzsurgerycenter.com\/wp-content\/uploads\/15_20230317_114719_0013-1-140x140.png 140w, https:\/\/vzsurgerycenter.com\/wp-content\/uploads\/15_20230317_114719_0013-1-550x550.png 550w, https:\/\/vzsurgerycenter.com\/wp-content\/uploads\/15_20230317_114719_0013-1-100x100.png 100w\" sizes=\"auto, (max-width: 1927px) 100vw, 1927px\" \/> <\/div>\r\n                <div class=\"text-wrap \" style=\"\">\r\n                    <div class=\"text-inner\"><h3 class=\"title\" style=\"\">\r\n            AMCPER1513\r\n        <\/h3>  <\/div>\r\n                <\/div>\r\n                \r\n            <\/div>\r\n        <\/div>\r\n    <\/div>[\/vc_column_inner][vc_column_inner width=&#8221;1\/3&#8243; offset=&#8221;vc_hidden-xs&#8221;][\/vc_column_inner][\/vc_row_inner][\/vc_column][\/vc_row][vc_row][vc_column]\r\n\t<div class=\"ambersix-spacer clearfix\" data-desktop=\"120\" data-mobi=\"60\" data-smobi=\"60\"><\/div><div class=\"ambersix-headings clearfix text-center wow fadeInUp\" data-font=28 data-wow-duration=\"0.75s\" data-wow-delay=\"0.3s\" style=\"\"><h2 class=\"heading clearfix \" style=\"margin-bottom:21px;font-size:28px;\">\r\n\t\tProcedimientos\r\n\t<\/h2><\/div><div class=\"ambersix-products clearfix arrow-center bullet-square offsetcenter offset-v0 has-bullets has-arrows\" data-auto=\"true\" data-column=\"3\" data-column2=\"2\" data-column3=\"1\" data-gap=\"30\"><ul class=\"owl-carousel owl-theme products\"><li class=\"post-12851 product type-product status-publish has-post-thumbnail product_cat-uncategorized first instock shipping-taxable product-type-simple\">\n\t<div class=\"inner\">\n\t<a href=\"https:\/\/vzsurgerycenter.com\/?product=radiofrecuencia\" class=\"woocommerce-LoopProduct-link woocommerce-loop-product__link\"><div class=\"product-thumbnail\"><img loading=\"lazy\" decoding=\"async\" width=\"299\" height=\"168\" src=\"https:\/\/vzsurgerycenter.com\/wp-content\/uploads\/image17.jpeg?wsr\" class=\"attachment-woocommerce_thumbnail size-woocommerce_thumbnail\" alt=\"RADIOFRECUENCIA\" \/><\/div><div class=\"product-info\"><h2 class=\"woocommerce-loop-product__title\">RADIOFRECUENCIA<\/h2>\r\n        <div class=\"product-cat\">Uncategorized<\/div>\r\n\n<\/a><a href=\"https:\/\/vzsurgerycenter.com\/?product=radiofrecuencia\" aria-describedby=\"woocommerce_loop_add_to_cart_link_describedby_12851\" data-quantity=\"1\" class=\"button product_type_simple\" data-product_id=\"12851\" data-product_sku=\"\" aria-label=\"Lee m\u00e1s sobre &ldquo;RADIOFRECUENCIA&rdquo;\" rel=\"nofollow\" data-success_message=\"\">Leer m\u00e1s<\/a>\t<span id=\"woocommerce_loop_add_to_cart_link_describedby_12851\" class=\"screen-reader-text\">\n\t\t\t<\/span>\n<\/div>\t<\/div>\n<\/li>\n<li class=\"post-12849 product type-product status-publish has-post-thumbnail product_cat-uncategorized  instock shipping-taxable product-type-simple\">\n\t<div class=\"inner\">\n\t<a href=\"https:\/\/vzsurgerycenter.com\/?product=cavitacion\" class=\"woocommerce-LoopProduct-link woocommerce-loop-product__link\"><div class=\"product-thumbnail\"><img loading=\"lazy\" decoding=\"async\" width=\"525\" height=\"395\" src=\"https:\/\/vzsurgerycenter.com\/wp-content\/uploads\/image15.jpg?wsr\" class=\"attachment-woocommerce_thumbnail size-woocommerce_thumbnail\" alt=\"CAVITACI\u00d3N\" \/><\/div><div class=\"product-info\"><h2 class=\"woocommerce-loop-product__title\">CAVITACI\u00d3N<\/h2>\r\n        <div class=\"product-cat\">Uncategorized<\/div>\r\n\n<\/a><a href=\"https:\/\/vzsurgerycenter.com\/?product=cavitacion\" aria-describedby=\"woocommerce_loop_add_to_cart_link_describedby_12849\" data-quantity=\"1\" class=\"button product_type_simple\" data-product_id=\"12849\" data-product_sku=\"\" aria-label=\"Lee m\u00e1s sobre &ldquo;CAVITACI\u00d3N&rdquo;\" rel=\"nofollow\" data-success_message=\"\">Leer m\u00e1s<\/a>\t<span id=\"woocommerce_loop_add_to_cart_link_describedby_12849\" class=\"screen-reader-text\">\n\t\t\t<\/span>\n<\/div>\t<\/div>\n<\/li>\n<li class=\"post-12847 product type-product status-publish has-post-thumbnail product_cat-uncategorized last instock shipping-taxable product-type-simple\">\n\t<div class=\"inner\">\n\t<a href=\"https:\/\/vzsurgerycenter.com\/?product=rejuvenecimiento-facial\" class=\"woocommerce-LoopProduct-link woocommerce-loop-product__link\"><div class=\"product-thumbnail\"><img loading=\"lazy\" decoding=\"async\" width=\"550\" height=\"550\" src=\"https:\/\/vzsurgerycenter.com\/wp-content\/uploads\/BRENDA-CARDENAS-4_20230531_180229_0003-550x550.png?wsr\" class=\"attachment-woocommerce_thumbnail size-woocommerce_thumbnail\" alt=\"REJUVENECIMIENTO FACIAL\" srcset=\"https:\/\/vzsurgerycenter.com\/wp-content\/uploads\/BRENDA-CARDENAS-4_20230531_180229_0003-550x550.png 550w, https:\/\/vzsurgerycenter.com\/wp-content\/uploads\/BRENDA-CARDENAS-4_20230531_180229_0003-800x800.png 800w, https:\/\/vzsurgerycenter.com\/wp-content\/uploads\/BRENDA-CARDENAS-4_20230531_180229_0003-1024x1024.png 1024w, https:\/\/vzsurgerycenter.com\/wp-content\/uploads\/BRENDA-CARDENAS-4_20230531_180229_0003-150x150.png 150w, https:\/\/vzsurgerycenter.com\/wp-content\/uploads\/BRENDA-CARDENAS-4_20230531_180229_0003-768x768.png 768w, https:\/\/vzsurgerycenter.com\/wp-content\/uploads\/BRENDA-CARDENAS-4_20230531_180229_0003-1536x1536.png 1536w, https:\/\/vzsurgerycenter.com\/wp-content\/uploads\/BRENDA-CARDENAS-4_20230531_180229_0003-2048x2048.png 2048w, https:\/\/vzsurgerycenter.com\/wp-content\/uploads\/BRENDA-CARDENAS-4_20230531_180229_0003-640x640.png 640w, https:\/\/vzsurgerycenter.com\/wp-content\/uploads\/BRENDA-CARDENAS-4_20230531_180229_0003-140x140.png 140w, https:\/\/vzsurgerycenter.com\/wp-content\/uploads\/BRENDA-CARDENAS-4_20230531_180229_0003-100x100.png 100w\" sizes=\"auto, (max-width: 550px) 100vw, 550px\" \/><\/div><div class=\"product-info\"><h2 class=\"woocommerce-loop-product__title\">REJUVENECIMIENTO FACIAL<\/h2>\r\n        <div class=\"product-cat\">Uncategorized<\/div>\r\n\n<\/a><a href=\"https:\/\/vzsurgerycenter.com\/?product=rejuvenecimiento-facial\" aria-describedby=\"woocommerce_loop_add_to_cart_link_describedby_12847\" data-quantity=\"1\" class=\"button product_type_simple\" data-product_id=\"12847\" data-product_sku=\"\" aria-label=\"Lee m\u00e1s sobre &ldquo;REJUVENECIMIENTO FACIAL&rdquo;\" rel=\"nofollow\" data-success_message=\"\">Leer m\u00e1s<\/a>\t<span id=\"woocommerce_loop_add_to_cart_link_describedby_12847\" class=\"screen-reader-text\">\n\t\t\t<\/span>\n<\/div>\t<\/div>\n<\/li>\n<li class=\"post-12844 product type-product status-publish has-post-thumbnail product_cat-uncategorized first instock shipping-taxable product-type-simple\">\n\t<div class=\"inner\">\n\t<a href=\"https:\/\/vzsurgerycenter.com\/?product=retiro-de-costillas\" class=\"woocommerce-LoopProduct-link woocommerce-loop-product__link\"><div class=\"product-thumbnail\"><img loading=\"lazy\" decoding=\"async\" width=\"550\" height=\"550\" src=\"https:\/\/vzsurgerycenter.com\/wp-content\/uploads\/BRENDA-CARDENAS-3_20230531_180229_0002-550x550.png?wsr\" class=\"attachment-woocommerce_thumbnail size-woocommerce_thumbnail\" alt=\"RETIRO DE COSTILLAS\" srcset=\"https:\/\/vzsurgerycenter.com\/wp-content\/uploads\/BRENDA-CARDENAS-3_20230531_180229_0002-550x550.png 550w, https:\/\/vzsurgerycenter.com\/wp-content\/uploads\/BRENDA-CARDENAS-3_20230531_180229_0002-800x800.png 800w, https:\/\/vzsurgerycenter.com\/wp-content\/uploads\/BRENDA-CARDENAS-3_20230531_180229_0002-1024x1024.png 1024w, https:\/\/vzsurgerycenter.com\/wp-content\/uploads\/BRENDA-CARDENAS-3_20230531_180229_0002-150x150.png 150w, https:\/\/vzsurgerycenter.com\/wp-content\/uploads\/BRENDA-CARDENAS-3_20230531_180229_0002-768x768.png 768w, https:\/\/vzsurgerycenter.com\/wp-content\/uploads\/BRENDA-CARDENAS-3_20230531_180229_0002-1536x1536.png 1536w, https:\/\/vzsurgerycenter.com\/wp-content\/uploads\/BRENDA-CARDENAS-3_20230531_180229_0002-2048x2048.png 2048w, https:\/\/vzsurgerycenter.com\/wp-content\/uploads\/BRENDA-CARDENAS-3_20230531_180229_0002-640x640.png 640w, https:\/\/vzsurgerycenter.com\/wp-content\/uploads\/BRENDA-CARDENAS-3_20230531_180229_0002-140x140.png 140w, https:\/\/vzsurgerycenter.com\/wp-content\/uploads\/BRENDA-CARDENAS-3_20230531_180229_0002-100x100.png 100w\" sizes=\"auto, (max-width: 550px) 100vw, 550px\" \/><\/div><div class=\"product-info\"><h2 class=\"woocommerce-loop-product__title\">RETIRO DE COSTILLAS<\/h2>\r\n        <div class=\"product-cat\">Uncategorized<\/div>\r\n\n<\/a><a href=\"https:\/\/vzsurgerycenter.com\/?product=retiro-de-costillas\" aria-describedby=\"woocommerce_loop_add_to_cart_link_describedby_12844\" data-quantity=\"1\" class=\"button product_type_simple\" data-product_id=\"12844\" data-product_sku=\"\" aria-label=\"Lee m\u00e1s sobre &ldquo;RETIRO DE COSTILLAS&rdquo;\" rel=\"nofollow\" data-success_message=\"\">Leer m\u00e1s<\/a>\t<span id=\"woocommerce_loop_add_to_cart_link_describedby_12844\" class=\"screen-reader-text\">\n\t\t\t<\/span>\n<\/div>\t<\/div>\n<\/li>\n<\/ul><\/div>\r\n[vc_btn title=&#8221;Ver m\u00e1s&#8221; style=&#8221;custom&#8221; custom_background=&#8221;#ffc939&#8243; custom_text=&#8221;#ffffff&#8221; align=&#8221;center&#8221; link=&#8221;url:https%3A%2F%2Fvzsurgerycenter.com%2F%3Fpage_id%3D5|title:Shop&#8221; css=&#8221;.vc_custom_1682574238174{padding-top: 3em !important;}&#8221;]\r\n\t<div class=\"ambersix-spacer clearfix\" data-desktop=\"80\" data-mobi=\"60\" data-smobi=\"60\"><\/div>[\/vc_column][\/vc_row][vc_row css=&#8221;.vc_custom_1682573516380{background: #1e73be url(https:\/\/vzsurgerycenter.com\/wp-content\/uploads\/3_20230426_172426_0002.png?id=12805) !important;background-position: center !important;background-repeat: no-repeat !important;background-size: cover !important;}&#8221;][vc_column]\r\n\t<div class=\"ambersix-spacer clearfix\" data-desktop=\"75\" data-mobi=\"0\" data-smobi=\"0\"><\/div><div class=\"ambersix-headings clearfix text-center wow fadeInUp\" data-font=28 data-wow-duration=\"0.75s\" data-wow-delay=\"0.3s\" style=\"\"><div class=\"sep  clearfix\" style=\"width:80px;height:2px;background-color:#dcbb54;\"><\/div><h2 class=\"heading clearfix \" style=\"color:#ffffff;margin-top:21px;margin-bottom:21px;font-size:28px;\">\r\n\t\tTestimonios\r\n\t<\/h2><\/div>\r\n\t<div class=\"ambersix-spacer clearfix\" data-desktop=\"75\" data-mobi=\"75\" data-smobi=\"75\"><\/div><div class=\"ambersix-images-carousel  arrow-center has-arrows\" data-auto=\"false\" data-loop=\"false\" data-gap=\"30\" data-column=\"3\" data-column2=\"2\" data-column3=\"1\">\r\n        <div class=\"owl-carousel owl-theme\"><div class=\"item-wrap\"><a class=\"zoom-popup popup-image\" href=\"https:\/\/vzsurgerycenter.com\/wp-content\/uploads\/XOCHITL-ACOSTAFILEminimizer.jpg?wsr\"><\/a><img decoding=\"async\" src=\"https:\/\/vzsurgerycenter.com\/wp-content\/uploads\/XOCHITL-ACOSTAFILEminimizer.jpg?wsr\" alt=\"Image\"><\/div><div class=\"item-wrap\"><a class=\"zoom-popup popup-image\" href=\"https:\/\/vzsurgerycenter.com\/wp-content\/uploads\/AirBrush_20230411220205.jpg?wsr\"><\/a><img decoding=\"async\" src=\"https:\/\/vzsurgerycenter.com\/wp-content\/uploads\/AirBrush_20230411220205.jpg?wsr\" alt=\"Image\"><\/div><div class=\"item-wrap\"><a class=\"zoom-popup popup-image\" href=\"https:\/\/vzsurgerycenter.com\/wp-content\/uploads\/Lipoabdominoplastia.png?wsr\"><\/a><img decoding=\"async\" src=\"https:\/\/vzsurgerycenter.com\/wp-content\/uploads\/Lipoabdominoplastia.png?wsr\" alt=\"Image\"><\/div><div class=\"item-wrap\"><a class=\"zoom-popup popup-image\" href=\"https:\/\/vzsurgerycenter.com\/wp-content\/uploads\/4FILEminimizer.jpg?wsr\"><\/a><img decoding=\"async\" src=\"https:\/\/vzsurgerycenter.com\/wp-content\/uploads\/4FILEminimizer.jpg?wsr\" alt=\"Image\"><\/div><div class=\"item-wrap\"><a class=\"zoom-popup popup-image\" href=\"https:\/\/vzsurgerycenter.com\/wp-content\/uploads\/Lipoabdominoplastia.jpg?wsr\"><\/a><img decoding=\"async\" src=\"https:\/\/vzsurgerycenter.com\/wp-content\/uploads\/Lipoabdominoplastia.jpg?wsr\" alt=\"Image\"><\/div><div class=\"item-wrap\"><a class=\"zoom-popup popup-image\" href=\"https:\/\/vzsurgerycenter.com\/wp-content\/uploads\/ELIZABETH-CRUZFILEminimizer-1.jpg?wsr\"><\/a><img decoding=\"async\" src=\"https:\/\/vzsurgerycenter.com\/wp-content\/uploads\/ELIZABETH-CRUZFILEminimizer-1.jpg?wsr\" alt=\"Image\"><\/div><div class=\"item-wrap\"><a class=\"zoom-popup popup-image\" href=\"https:\/\/vzsurgerycenter.com\/wp-content\/uploads\/BRENDA-CARDENASFILEminimizer.jpg?wsr\"><\/a><img decoding=\"async\" src=\"https:\/\/vzsurgerycenter.com\/wp-content\/uploads\/BRENDA-CARDENASFILEminimizer.jpg?wsr\" alt=\"Image\"><\/div><div class=\"item-wrap\"><a class=\"zoom-popup popup-image\" href=\"https:\/\/vzsurgerycenter.com\/wp-content\/uploads\/MOMMY-MAKEOVER-2FILEminimizer.jpg?wsr\"><\/a><img decoding=\"async\" src=\"https:\/\/vzsurgerycenter.com\/wp-content\/uploads\/MOMMY-MAKEOVER-2FILEminimizer.jpg?wsr\" alt=\"Image\"><\/div><div class=\"item-wrap\"><a class=\"zoom-popup popup-image\" href=\"https:\/\/vzsurgerycenter.com\/wp-content\/uploads\/20230317113127FILEminimizer.jpg?wsr\"><\/a><img decoding=\"async\" src=\"https:\/\/vzsurgerycenter.com\/wp-content\/uploads\/20230317113127FILEminimizer.jpg?wsr\" alt=\"Image\"><\/div><\/div><\/div>\r\n\t<div class=\"ambersix-spacer clearfix\" data-desktop=\"75\" data-mobi=\"75\" data-smobi=\"75\"><\/div>[\/vc_column][\/vc_row][vc_row css=&#8221;.vc_custom_1679682000061{padding-top: 5em !important;padding-bottom: 5em !important;}&#8221; el_id=&#8221;contacto&#8221;][vc_column width=&#8221;1\/2&#8243;]\r\n\t<div class=\"ambersix-spacer clearfix\" data-desktop=\"40\" data-mobi=\"40\" data-smobi=\"40\"><\/div><div class=\"ambersix-single-heading clearfix  has-line wow fadeInUp\" style=\"margin-bottom:23px;\"><span class=\"inner\"><span class=\"line \" style=\"width:4px;height:28px;top:10px;background-color:#79d3d1;\"><\/span><span class=\"heading clearfix \" style=\"font-weight:600;color:#000000;font-size:38px;line-height:50px;letter-spacing:-0.25px;padding-left:30px;\">\r\n\t\tContacto\r\n\t<\/span><\/span><\/div>[vc_column_text]<strong>Telefonos:<\/strong><\/p>\n<ul>\n<li class=\"_04xlpA direction-ltr align-start para-style-body\"><span class=\"S1PPyQ\">2299320391<\/span><\/li>\n<li class=\"_04xlpA direction-ltr align-start para-style-body\"><span class=\"S1PPyQ\">2293061144<\/span><\/li>\n<\/ul>\n<p><strong>Correo:<\/strong><br \/>\nvztcontacto@gmail.com<\/p>\n<p><strong>Direcci\u00f3n:<\/strong><br \/>\nPlaza Santa Ana Local 62B Avenida Paseo de las Am\u00e9ricas 400 Col. Ylang Ylang, Boca del R\u00edo, Veracruz. M\u00e9xico[\/vc_column_text]\r\n\t<div class=\"ambersix-spacer clearfix\" data-desktop=\"40\" data-mobi=\"40\" data-smobi=\"40\"><\/div>[\/vc_column][vc_column width=&#8221;1\/2&#8243;]\n<div class=\"wpcf7 no-js\" id=\"wpcf7-f14-o1\" lang=\"es-MX\" dir=\"ltr\" data-wpcf7-id=\"14\">\n<div class=\"screen-reader-response\"><p role=\"status\" aria-live=\"polite\" aria-atomic=\"true\"><\/p> <ul><\/ul><\/div>\n<form action=\"\/index.php?rest_route=%2Fwp%2Fv2%2Fpages%2F11460#wpcf7-f14-o1\" method=\"post\" class=\"wpcf7-form init\" aria-label=\"Formulario de contacto\" novalidate=\"novalidate\" data-status=\"init\">\n<fieldset class=\"hidden-fields-container\"><input type=\"hidden\" name=\"_wpcf7\" value=\"14\" \/><input type=\"hidden\" name=\"_wpcf7_version\" value=\"6.1.5\" \/><input type=\"hidden\" name=\"_wpcf7_locale\" value=\"es_MX\" \/><input type=\"hidden\" name=\"_wpcf7_unit_tag\" value=\"wpcf7-f14-o1\" \/><input type=\"hidden\" name=\"_wpcf7_container_post\" value=\"0\" \/><input type=\"hidden\" name=\"_wpcf7_posted_data_hash\" value=\"\" \/>\n<\/fieldset>\n<p><label>Nombre<br \/>\n<span class=\"wpcf7-form-control-wrap\" data-name=\"your-name\"><input size=\"40\" maxlength=\"400\" class=\"wpcf7-form-control wpcf7-text wpcf7-validates-as-required\" autocomplete=\"name\" aria-required=\"true\" aria-invalid=\"false\" value=\"\" type=\"text\" name=\"your-name\" \/><\/span> <\/label>\n<\/p>\n<p><label>Email<br \/>\n<span class=\"wpcf7-form-control-wrap\" data-name=\"your-email\"><input size=\"40\" maxlength=\"400\" class=\"wpcf7-form-control wpcf7-email wpcf7-validates-as-required wpcf7-text wpcf7-validates-as-email\" autocomplete=\"email\" aria-required=\"true\" aria-invalid=\"false\" value=\"\" type=\"email\" name=\"your-email\" \/><\/span> <\/label>\n<\/p>\n<p><label> Asunto<br \/>\n<span class=\"wpcf7-form-control-wrap\" data-name=\"your-subject\"><input size=\"40\" maxlength=\"400\" class=\"wpcf7-form-control wpcf7-text wpcf7-validates-as-required\" aria-required=\"true\" aria-invalid=\"false\" value=\"\" type=\"text\" name=\"your-subject\" \/><\/span> <\/label>\n<\/p>\n<p><label> Mensaje (opcional)<br \/>\n<span class=\"wpcf7-form-control-wrap\" data-name=\"your-message\"><textarea cols=\"40\" rows=\"10\" maxlength=\"2000\" class=\"wpcf7-form-control wpcf7-textarea\" aria-invalid=\"false\" name=\"your-message\"><\/textarea><\/span> <\/label>\n<\/p>\n<p><input class=\"wpcf7-form-control wpcf7-submit has-spinner\" type=\"submit\" value=\"Enviar\" \/>\n<\/p><div class=\"wpcf7-response-output\" aria-hidden=\"true\"><\/div>\n<\/form>\n<\/div>\n[\/vc_column][\/vc_row][vc_row][vc_column][vc_gmaps link=&#8221;#E-8_JTNDaWZyYW1lJTIwc3JjJTNEJTIyaHR0cHMlM0ElMkYlMkZ3d3cuZ29vZ2xlLmNvbSUyRm1hcHMlMkZlbWJlZCUzRnBiJTNEJTIxMW0xOCUyMTFtMTIlMjExbTMlMjExZDExNDIuMzg5NjcxNzk5NDQyJTIxMmQtOTYuMTA4OTY2NzQ0MTI0MjIlMjEzZDE5LjE0MDYxMTYyNTEzMDU0NiUyMTJtMyUyMTFmMCUyMTJmMCUyMTNmMCUyMTNtMiUyMTFpMTAyNCUyMTJpNzY4JTIxNGYxMy4xJTIxM20zJTIxMW0yJTIxMXMweDg1YzM0MTU5NjVhZGU2NzElMjUzQTB4NWIyZmMyZDQxODhhYWJiZSUyMTJzUGxhemElMjUyMFNhbnRhJTI1MjBBbmElMjE1ZTAlMjEzbTIlMjExc2VzJTIxMnNteCUyMTR2MTY3OTY3MjA5MjM3NiUyMTVtMiUyMTFzZXMlMjEyc214JTIyJTIwd2lkdGglM0QlMjI2MDAlMjIlMjBoZWlnaHQlM0QlMjI0NTAlMjIlMjBzdHlsZSUzRCUyMmJvcmRlciUzQTAlM0IlMjIlMjBhbGxvd2Z1bGxzY3JlZW4lM0QlMjIlMjIlMjBsb2FkaW5nJTNEJTIybGF6eSUyMiUyMHJlZmVycmVycG9saWN5JTNEJTIybm8tcmVmZXJyZXItd2hlbi1kb3duZ3JhZGUlMjIlM0UlM0MlMkZpZnJhbWUlM0U=&#8221;]\r\n\t<div class=\"ambersix-spacer clearfix\" data-desktop=\"75\" data-mobi=\"75\" data-smobi=\"75\"><\/div>[\/vc_column][\/vc_row]<\/p>\n<\/section>","protected":false},"excerpt":{"rendered":"<p>Vivamus sed tellus in ligula volutpat volutpat. Nulla facilisi. Quisque fermentum vel ipsum sit amet pretium. Suspendisse dui neque, luctus vitae consequat a, scelerisque sed nunc. Vestibulum et nisl lorem. Ut eget nibh nisl. Nullam auctor quam nisi, at interdum mi euismod et. Donec facilisis odio sed magna tincidunt fermentum vel ipsum sit amet pretium.<\/p>\n","protected":false},"author":1,"featured_media":0,"parent":0,"menu_order":0,"comment_status":"closed","ping_status":"closed","template":"","meta":{"footnotes":""},"class_list":["post-11460","page","type-page","status-publish","hentry"],"_links":{"self":[{"href":"https:\/\/vzsurgerycenter.com\/index.php?rest_route=\/wp\/v2\/pages\/11460","targetHints":{"allow":["GET"]}}],"collection":[{"href":"https:\/\/vzsurgerycenter.com\/index.php?rest_route=\/wp\/v2\/pages"}],"about":[{"href":"https:\/\/vzsurgerycenter.com\/index.php?rest_route=\/wp\/v2\/types\/page"}],"author":[{"embeddable":true,"href":"https:\/\/vzsurgerycenter.com\/index.php?rest_route=\/wp\/v2\/users\/1"}],"replies":[{"embeddable":true,"href":"https:\/\/vzsurgerycenter.com\/index.php?rest_route=%2Fwp%2Fv2%2Fcomments&post=11460"}],"version-history":[{"count":119,"href":"https:\/\/vzsurgerycenter.com\/index.php?rest_route=\/wp\/v2\/pages\/11460\/revisions"}],"predecessor-version":[{"id":14606,"href":"https:\/\/vzsurgerycenter.com\/index.php?rest_route=\/wp\/v2\/pages\/11460\/revisions\/14606"}],"wp:attachment":[{"href":"https:\/\/vzsurgerycenter.com\/index.php?rest_route=%2Fwp%2Fv2%2Fmedia&parent=11460"}],"curies":[{"name":"wp","href":"https:\/\/api.w.org\/{rel}","templated":true}]}}