{"id":10182,"date":"2019-06-25T06:41:18","date_gmt":"2019-06-25T06:41:18","guid":{"rendered":"http:\/\/ninzio.com\/amber\/?post_type=product&#038;p=10182"},"modified":"2023-06-01T06:29:19","modified_gmt":"2023-06-01T06:29:19","slug":"winston-regal-watch","status":"publish","type":"product","link":"https:\/\/vzsurgerycenter.com\/?product=winston-regal-watch","title":{"rendered":"LIPOSUCCI\u00d3N DE BRAZOS"},"content":{"rendered":"<h2>\u00bfEn qu\u00e9 consiste?<\/h2>\n<p>\u25a0 Consiste en remover el tejido adiposo de los brazos por medio de un liposuctor.<br \/>\n\u25a0 Se dejan peque\u00f1as incisiones en los codos por medio de las que entra la c\u00e1nula para eliminar el tejido adiposo excedente<\/p>\n<h2>Candidatos<\/h2>\n<p>\u25a0 IMC &lt;30<br \/>\n\u25a0 L\u00edmite de 45 a\u00f1os<br \/>\n\u25a0 Sin enfermedades<br \/>\n\u25a0 No consumo de tabaco<br \/>\n\u25a0 Personas con exceso de tejido adiposo en los brazos dando un aspecto desproporcionado<\/p>\n<h2>Recuperaci\u00f3n<\/h2>\n<p>\u25a0 Aproximadamente 7 d\u00edas<\/p>\n<h2>Anestesia<\/h2>\n<p>\u25a0 Anestesia local<br \/>\n\u25a0 Sedaci\u00f3n<\/p>\n","protected":false},"excerpt":{"rendered":"<p>La liposucci\u00f3n en brazos es un procedimiento quir\u00fargico efectivo para combatir el problema de exceso de grasa y flacidez en dicha zona corporal.<br \/>\nEste tipo de procedimiento es una estupenda opci\u00f3n para aquellos que deseen conseguir resultados significativos, con cicatrices m\u00ednimas o invisibles que eliminen la flacidez moderada y el per\u00edmetro de los brazos, para que as\u00ed se pueda usar con mayor confianza ropa sin mangas o la piel 100% expuesta.<\/p>\n","protected":false},"featured_media":12759,"template":"","meta":[],"product_brand":[],"product_cat":[15],"product_tag":[],"class_list":{"0":"post-10182","1":"product","2":"type-product","3":"status-publish","4":"has-post-thumbnail","6":"product_cat-uncategorized","8":"first","9":"instock","10":"shipping-taxable","11":"product-type-simple"},"_links":{"self":[{"href":"https:\/\/vzsurgerycenter.com\/index.php?rest_route=\/wp\/v2\/product\/10182","targetHints":{"allow":["GET"]}}],"collection":[{"href":"https:\/\/vzsurgerycenter.com\/index.php?rest_route=\/wp\/v2\/product"}],"about":[{"href":"https:\/\/vzsurgerycenter.com\/index.php?rest_route=\/wp\/v2\/types\/product"}],"wp:featuredmedia":[{"embeddable":true,"href":"https:\/\/vzsurgerycenter.com\/index.php?rest_route=\/wp\/v2\/media\/12759"}],"wp:attachment":[{"href":"https:\/\/vzsurgerycenter.com\/index.php?rest_route=%2Fwp%2Fv2%2Fmedia&parent=10182"}],"wp:term":[{"taxonomy":"product_brand","embeddable":true,"href":"https:\/\/vzsurgerycenter.com\/index.php?rest_route=%2Fwp%2Fv2%2Fproduct_brand&post=10182"},{"taxonomy":"product_cat","embeddable":true,"href":"https:\/\/vzsurgerycenter.com\/index.php?rest_route=%2Fwp%2Fv2%2Fproduct_cat&post=10182"},{"taxonomy":"product_tag","embeddable":true,"href":"https:\/\/vzsurgerycenter.com\/index.php?rest_route=%2Fwp%2Fv2%2Fproduct_tag&post=10182"}],"curies":[{"name":"wp","href":"https:\/\/api.w.org\/{rel}","templated":true}]}}