{"id":12101,"date":"2019-09-30T00:03:05","date_gmt":"2019-09-30T00:03:05","guid":{"rendered":"http:\/\/ninzio.com\/amber\/?post_type=product&#038;p=12101"},"modified":"2023-06-01T07:00:49","modified_gmt":"2023-06-01T07:00:49","slug":"winston-regal-watch-2","status":"publish","type":"product","link":"https:\/\/vzsurgerycenter.com\/?product=winston-regal-watch-2","title":{"rendered":"Ginecomastia"},"content":{"rendered":"<h2>\u00bfEn qu\u00e9 consiste?<\/h2>\n<p>\u25a0 Consiste en realizar una incisi\u00f3n en la areola para proceder con la resecci\u00f3n del exceso de tejido graso ubicado en la mama masculina.<br \/>\n\u25a0 El procedimiento se complementa con liposucci\u00f3n por medio de una incisi\u00f3n en los pliegues axilares<\/p>\n<h2>Recuperaci\u00f3n<\/h2>\n<p>\u25a0 Aproximadamente 7-10 d\u00edas<\/p>\n<h2>Anestesia<\/h2>\n<p>\u25a0 Anestesia local<br \/>\n\u25a0 Sedaci\u00f3n<\/p>\n","protected":false},"excerpt":{"rendered":"<p>La cirug\u00eda de la ginecomastia se puede realizar en cualquier hombre sano de cualquier edad que presente un aumento de sus mamas, con un peso estable, y que no responda a tratamiento m\u00e9dico. Seg\u00fan el tipo de ginecomastia y el aspecto de las mamas se puede realizar:<\/p>\n<p>Liposucci\u00f3n. En este caso se introduce una c\u00e1nula a trav\u00e9s de una peque\u00f1a incisi\u00f3n por donde se aspira la grasa.<br \/>\nGlandulectom\u00eda. En este caso las cicatrices quedan disimuladas en la areola. En casos en los que las mamas sean muy grandes o haya un exceso importante de piel, las incisiones pueden realizarse alrededor de la areola o en el surco debajo de la mama.<\/p>\n","protected":false},"featured_media":12761,"template":"","meta":[],"product_brand":[],"product_cat":[15],"product_tag":[],"class_list":{"0":"post-12101","1":"product","2":"type-product","3":"status-publish","4":"has-post-thumbnail","6":"product_cat-uncategorized","8":"first","9":"instock","10":"shipping-taxable","11":"product-type-simple"},"_links":{"self":[{"href":"https:\/\/vzsurgerycenter.com\/index.php?rest_route=\/wp\/v2\/product\/12101","targetHints":{"allow":["GET"]}}],"collection":[{"href":"https:\/\/vzsurgerycenter.com\/index.php?rest_route=\/wp\/v2\/product"}],"about":[{"href":"https:\/\/vzsurgerycenter.com\/index.php?rest_route=\/wp\/v2\/types\/product"}],"wp:featuredmedia":[{"embeddable":true,"href":"https:\/\/vzsurgerycenter.com\/index.php?rest_route=\/wp\/v2\/media\/12761"}],"wp:attachment":[{"href":"https:\/\/vzsurgerycenter.com\/index.php?rest_route=%2Fwp%2Fv2%2Fmedia&parent=12101"}],"wp:term":[{"taxonomy":"product_brand","embeddable":true,"href":"https:\/\/vzsurgerycenter.com\/index.php?rest_route=%2Fwp%2Fv2%2Fproduct_brand&post=12101"},{"taxonomy":"product_cat","embeddable":true,"href":"https:\/\/vzsurgerycenter.com\/index.php?rest_route=%2Fwp%2Fv2%2Fproduct_cat&post=12101"},{"taxonomy":"product_tag","embeddable":true,"href":"https:\/\/vzsurgerycenter.com\/index.php?rest_route=%2Fwp%2Fv2%2Fproduct_tag&post=12101"}],"curies":[{"name":"wp","href":"https:\/\/api.w.org\/{rel}","templated":true}]}}