{"id":12104,"date":"2019-09-30T00:03:59","date_gmt":"2019-09-30T00:03:59","guid":{"rendered":"http:\/\/ninzio.com\/amber\/?post_type=product&#038;p=12104"},"modified":"2023-06-01T05:16:19","modified_gmt":"2023-06-01T05:16:19","slug":"winston-regal-watch-5","status":"publish","type":"product","link":"https:\/\/vzsurgerycenter.com\/?product=winston-regal-watch-5","title":{"rendered":"Mommy makeover"},"content":{"rendered":"<h2>\u00bfEn qu\u00e9 consiste?<\/h2>\n<p>\u25a0 Consiste en realizar las 3 intervenciones en un solo tiempo quir\u00fargico.<br \/>\n\u25a0 La liposucci\u00f3n para eliminar los dep\u00f3sitos de grasa localizados que no se eliminan con dieta ni ejercicio<br \/>\n\u25a0 La lipoinyecci\u00f3n para agregar el tejido graso en los lugares que haya falta volumen y para dar forma al cuerpo<br \/>\n\u25a0 La abdominoplast\u00eda para eliminar el exceso de piel resultante del embarazo y falta de elasticidad de la piel<br \/>\n\u25a0 La mastopexia para mejorar la forma y altura mamaria y eliminar el excedente de piel ocasionado por la gravedad o la lactancia<\/p>\n<h2>Candidatos<\/h2>\n<p>\u25a0 IMC &lt;30<br \/>\n\u25a0 L\u00edmite de 45 a\u00f1os<br \/>\n\u25a0 Sin enfermedades<br \/>\n\u25a0 No consumo de tabaco<br \/>\n\u25a0 Poseer dep\u00f3sitos de grasa localizados que no se consiguen eliminar con ejercicio y dieta<br \/>\n\u25a0 Deseo de mejorar el contorno corporal<br \/>\n\u25a0 Personas que hayan tenido una importante p\u00e9rdida de peso, la cual dej\u00f3 piel \u201csuelta o floja\u201d en el \u00e1rea abdominal.<br \/>\n\u25a0 Madres que despu\u00e9s de su embarazo no recuperaron su abdomen plano debido a la elasticidad de su piel o a la cantidad de hijos.<br \/>\n\u25a0 Busto ca\u00eddo post lactancia<\/p>\n<h2>Contraindicaciones<\/h2>\n<p>\u25a0 Enfermedades reum\u00e1ticas: artritis reumatoide, artritis psoro\u00e1sica, lupus<br \/>\n\u25a0 Diabetes mellitus mal controlada<br \/>\n\u25a0 Hipertensi\u00f3n arterial mal controlada<br \/>\n\u25a0 Colagenopat\u00edas<br \/>\n\u25a0 Cardiopat\u00edas<br \/>\n\u25a0 Insuficiencia renal<br \/>\n\u25a0 Entre otras<\/p>\n<h2>Recuperaci\u00f3n<\/h2>\n<p>\u25a0 Aproximadamente 15 d\u00edas<\/p>\n<h2>Anestesia<\/h2>\n<p>\u25a0 Regional tipo ces\u00e1rea<br \/>\n\u25a0 El paciente est\u00e1 despierto todo el tiempo pero sedado<br \/>\n\u25a0 No utilizamos anestesia general (intubaci\u00f3n)<\/p>\n","protected":false},"excerpt":{"rendered":"<p>El procedimiento consiste en una serie de procedimientos e intervenciones que se realizan tras el embarazo. Son habituales las siguientes:<\/p>\n<ul>\n<li>Mamoplastia: consiste en levantar el pecho ca\u00eddo despu\u00e9s del embarazo y la lactancia con el fin de que recupere su forma habitual o en su defecto aumentar el tama\u00f1o de pecho que rellene el volumen de la piel sobrante.<\/li>\n<li>Abdominoplastia: su principal objetivo es conseguir que el abdomen de la paciente recupere su firmeza habitual eliminando las bolsas de grasa, la piel sobrante y tensando los m\u00fasculos merced a una peque\u00f1a incisi\u00f3n en el hueso p\u00fabico.<\/li>\n<\/ul>\n","protected":false},"featured_media":12823,"template":"","meta":[],"product_brand":[],"product_cat":[15],"product_tag":[],"class_list":{"0":"post-12104","1":"product","2":"type-product","3":"status-publish","4":"has-post-thumbnail","6":"product_cat-uncategorized","8":"first","9":"instock","10":"shipping-taxable","11":"product-type-simple"},"_links":{"self":[{"href":"https:\/\/vzsurgerycenter.com\/index.php?rest_route=\/wp\/v2\/product\/12104","targetHints":{"allow":["GET"]}}],"collection":[{"href":"https:\/\/vzsurgerycenter.com\/index.php?rest_route=\/wp\/v2\/product"}],"about":[{"href":"https:\/\/vzsurgerycenter.com\/index.php?rest_route=\/wp\/v2\/types\/product"}],"wp:featuredmedia":[{"embeddable":true,"href":"https:\/\/vzsurgerycenter.com\/index.php?rest_route=\/wp\/v2\/media\/12823"}],"wp:attachment":[{"href":"https:\/\/vzsurgerycenter.com\/index.php?rest_route=%2Fwp%2Fv2%2Fmedia&parent=12104"}],"wp:term":[{"taxonomy":"product_brand","embeddable":true,"href":"https:\/\/vzsurgerycenter.com\/index.php?rest_route=%2Fwp%2Fv2%2Fproduct_brand&post=12104"},{"taxonomy":"product_cat","embeddable":true,"href":"https:\/\/vzsurgerycenter.com\/index.php?rest_route=%2Fwp%2Fv2%2Fproduct_cat&post=12104"},{"taxonomy":"product_tag","embeddable":true,"href":"https:\/\/vzsurgerycenter.com\/index.php?rest_route=%2Fwp%2Fv2%2Fproduct_tag&post=12104"}],"curies":[{"name":"wp","href":"https:\/\/api.w.org\/{rel}","templated":true}]}}