{"id":12105,"date":"2019-09-30T00:04:01","date_gmt":"2019-09-30T00:04:01","guid":{"rendered":"http:\/\/ninzio.com\/amber\/?post_type=product&#038;p=12105"},"modified":"2023-06-01T05:47:16","modified_gmt":"2023-06-01T05:47:16","slug":"winston-regal-watch-6","status":"publish","type":"product","link":"https:\/\/vzsurgerycenter.com\/?product=winston-regal-watch-6","title":{"rendered":"ABDOMINOPLAST\u00cdA"},"content":{"rendered":"<h2>\u00bfEn qu\u00e9 consiste?<\/h2>\n<p>\u25a0 La lipoescultura consiste en la infiltraci\u00f3n de una soluci\u00f3n vasoconstrictora que nos ayudar\u00e1 a realizar la liposucci\u00f3n de una manera m\u00e1s segura y eficiente ya que facilita el desprendimiento del tejido adiposo<br \/>\n\u25a0 La abdominoplast\u00eda consiste en eliminar una porci\u00f3n de piel y grasa de la pared de la parte inferior del abdomen extirpando el exceso de piel y grasa.<br \/>\n\u25a0 Posterior a esto, se realiza una plicatura abdominal que consiste en la sutura de la fascia de los m\u00fasculos abdominales aproxim\u00e1ndolos a la l\u00ednea media del abdomen<\/p>\n<h2>Plicatura de rectos abdminales<\/h2>\n<p><img loading=\"lazy\" decoding=\"async\" src=\"https:\/\/vzsurgerycenter.com\/wp-content\/uploads\/Imagen1.jpg\" alt=\"\" width=\"770\" height=\"506\" class=\"alignnone size-full wp-image-12643\" srcset=\"https:\/\/vzsurgerycenter.com\/wp-content\/uploads\/Imagen1.jpg 770w, https:\/\/vzsurgerycenter.com\/wp-content\/uploads\/Imagen1-768x505.jpg 768w, https:\/\/vzsurgerycenter.com\/wp-content\/uploads\/Imagen1-550x361.jpg 550w\" sizes=\"auto, (max-width: 770px) 100vw, 770px\" \/><\/p>\n<h2>Candidatos<\/h2>\n<p>\u25a0 Madres que despu\u00e9s de su embarazo no recuperaron su abdomen plano debido a la elasticidad de su piel o a la cantidad de hijos.<br \/>\n\u25a0 IMC &lt;30<br \/>\n\u25a0 L\u00edmite de 45 a\u00f1os<br \/>\n\u25a0 Sin enfermedades<br \/>\n\u25a0 No consumo de tabaco<br \/>\n\u25a0 Poseer dep\u00f3sitos de grasa localizados que no se consiguen eliminar con ejercicio y dieta<br \/>\n\u25a0 Deseo de mejorar el contorno corporal<br \/>\n\u25a0 Personas que hayan tenido una importante p\u00e9rdida de peso, la cual dej\u00f3 piel \u201csuelta o floja\u201d en el \u00e1rea abdominal. Ejemplo: manga g\u00e1strica, bypass g\u00e1strico, operaci\u00f3n de reducci\u00f3n de est\u00f3mago<\/p>\n<h2>Contraindicaciones<\/h2>\n<p>\u25a0 Enfermedades reum\u00e1ticas: artritis reumatoide, artritis psoro\u00e1sica, lupus<br \/>\n\u25a0 Diabetes mellitus mal controlada<br \/>\n\u25a0 Hipertensi\u00f3n arterial mal controlada<br \/>\n\u25a0 Colagenopat\u00edas<br \/>\n\u25a0 Cardiopat\u00edas<br \/>\n\u25a0 Insuficiencia renal<br \/>\n\u25a0 Entre otras<\/p>\n<h2>Recuperaci\u00f3n<\/h2>\n<p>\u25a0 Aproximadamente 15 d\u00edas<\/p>\n<h2>Anestesia<\/h2>\n<p>\u25a0 Regional tipo ces\u00e1rea<br \/>\n\u25a0 El paciente est\u00e1 despierto todo el tiempo pero sedado<br \/>\n\u25a0 No utilizamos anestesia general (intubaci\u00f3n)<\/p>\n","protected":false},"excerpt":{"rendered":"<p>La abdominoplastia es un procedimiento quir\u00fargico que elimina el exceso de piel y tejido graso del abdomen medio y bajo, y que tensa los m\u00fasculos de la pared abdominal. La abdominoplastia no es un tratamiento quir\u00fargico para el sobrepeso.<\/p>\n","protected":false},"featured_media":12818,"template":"","meta":[],"product_brand":[],"product_cat":[15],"product_tag":[],"class_list":{"0":"post-12105","1":"product","2":"type-product","3":"status-publish","4":"has-post-thumbnail","6":"product_cat-uncategorized","8":"first","9":"instock","10":"shipping-taxable","11":"product-type-simple"},"_links":{"self":[{"href":"https:\/\/vzsurgerycenter.com\/index.php?rest_route=\/wp\/v2\/product\/12105","targetHints":{"allow":["GET"]}}],"collection":[{"href":"https:\/\/vzsurgerycenter.com\/index.php?rest_route=\/wp\/v2\/product"}],"about":[{"href":"https:\/\/vzsurgerycenter.com\/index.php?rest_route=\/wp\/v2\/types\/product"}],"wp:featuredmedia":[{"embeddable":true,"href":"https:\/\/vzsurgerycenter.com\/index.php?rest_route=\/wp\/v2\/media\/12818"}],"wp:attachment":[{"href":"https:\/\/vzsurgerycenter.com\/index.php?rest_route=%2Fwp%2Fv2%2Fmedia&parent=12105"}],"wp:term":[{"taxonomy":"product_brand","embeddable":true,"href":"https:\/\/vzsurgerycenter.com\/index.php?rest_route=%2Fwp%2Fv2%2Fproduct_brand&post=12105"},{"taxonomy":"product_cat","embeddable":true,"href":"https:\/\/vzsurgerycenter.com\/index.php?rest_route=%2Fwp%2Fv2%2Fproduct_cat&post=12105"},{"taxonomy":"product_tag","embeddable":true,"href":"https:\/\/vzsurgerycenter.com\/index.php?rest_route=%2Fwp%2Fv2%2Fproduct_tag&post=12105"}],"curies":[{"name":"wp","href":"https:\/\/api.w.org\/{rel}","templated":true}]}}