{"id":12659,"date":"2023-03-24T07:05:46","date_gmt":"2023-03-24T07:05:46","guid":{"rendered":"https:\/\/vzsurgerycenter.com\/?post_type=product&#038;p=12659"},"modified":"2023-03-26T03:45:30","modified_gmt":"2023-03-26T03:45:30","slug":"braquioplastia","status":"publish","type":"product","link":"https:\/\/vzsurgerycenter.com\/?product=braquioplastia","title":{"rendered":"Braquioplast\u00eda"},"content":{"rendered":"<h2>\u00bfEn qu\u00e9 consiste?<\/h2>\n<p>\u25a0 Es una combinaci\u00f3n de procedimientos en los cuales se realiza una liposucci\u00f3n del \u00e1rea de los brazos para eliminar el exceso de grasa y posteriormente se elimina la piel excedente mejorando el aspecto de los brazos y la piel.<br \/>\n\u25a0 Se debe de tener en cuenta que este procedimiento deja una cicatriz en la parte antero medial del brazo<\/p>\n<h2>Candidatos<\/h2>\n<p>\u25a0 IMC &lt;30<br \/>\n\u25a0 L\u00edmite de 45 a\u00f1os<br \/>\n\u25a0 Sin enfermedades<br \/>\n\u25a0 No consumo de tabaco<br \/>\n\u25a0 Personas con exceso de tejido adiposo en los brazos dando un aspecto desproporcionado<br \/>\n\u25a0 Pacientes con exceso de piel en los brazos<\/p>\n<h2>Contraindicaciones<\/h2>\n<p>\u25a0 Enfermedades reum\u00e1ticas: artritis reumatoide, artritis psoro\u00e1sica, lupus<br \/>\n\u25a0 Diabetes mellitus mal controlada<br \/>\n\u25a0 Hipertensi\u00f3n arterial mal controlada<br \/>\n\u25a0 Colagenopat\u00edas<br \/>\n\u25a0 Cardiopat\u00edas<br \/>\n\u25a0 Insuficiencia renal<br \/>\n\u25a0 Entre otras<\/p>\n<h2>Recuperaci\u00f3n<\/h2>\n<p>\u25a0 Aproximadamente 15 d\u00edas<\/p>\n<h2>Anestesia<\/h2>\n<p>\u25a0 Anestesia local<br \/>\n\u25a0 Sedaci\u00f3n<\/p>\n","protected":false},"excerpt":{"rendered":"<ul>\n<li>Es un procedimiento que consiste en eliminar el exceso de piel y tejido subcut\u00e1neo de los brazos.<\/li>\n<li>El resultado es una cicatriz longitudinal visible en la parte antero medial del brazo<\/li>\n<\/ul>\n","protected":false},"featured_media":12759,"template":"","meta":[],"product_brand":[],"product_cat":[15],"product_tag":[],"class_list":{"0":"post-12659","1":"product","2":"type-product","3":"status-publish","4":"has-post-thumbnail","6":"product_cat-uncategorized","8":"first","9":"instock","10":"shipping-taxable","11":"product-type-simple"},"_links":{"self":[{"href":"https:\/\/vzsurgerycenter.com\/index.php?rest_route=\/wp\/v2\/product\/12659","targetHints":{"allow":["GET"]}}],"collection":[{"href":"https:\/\/vzsurgerycenter.com\/index.php?rest_route=\/wp\/v2\/product"}],"about":[{"href":"https:\/\/vzsurgerycenter.com\/index.php?rest_route=\/wp\/v2\/types\/product"}],"wp:featuredmedia":[{"embeddable":true,"href":"https:\/\/vzsurgerycenter.com\/index.php?rest_route=\/wp\/v2\/media\/12759"}],"wp:attachment":[{"href":"https:\/\/vzsurgerycenter.com\/index.php?rest_route=%2Fwp%2Fv2%2Fmedia&parent=12659"}],"wp:term":[{"taxonomy":"product_brand","embeddable":true,"href":"https:\/\/vzsurgerycenter.com\/index.php?rest_route=%2Fwp%2Fv2%2Fproduct_brand&post=12659"},{"taxonomy":"product_cat","embeddable":true,"href":"https:\/\/vzsurgerycenter.com\/index.php?rest_route=%2Fwp%2Fv2%2Fproduct_cat&post=12659"},{"taxonomy":"product_tag","embeddable":true,"href":"https:\/\/vzsurgerycenter.com\/index.php?rest_route=%2Fwp%2Fv2%2Fproduct_tag&post=12659"}],"curies":[{"name":"wp","href":"https:\/\/api.w.org\/{rel}","templated":true}]}}