{"id":12661,"date":"2023-03-24T07:20:39","date_gmt":"2023-03-24T07:20:39","guid":{"rendered":"https:\/\/vzsurgerycenter.com\/?post_type=product&#038;p=12661"},"modified":"2023-06-01T07:14:11","modified_gmt":"2023-06-01T07:14:11","slug":"microdermoabrasion","status":"publish","type":"product","link":"https:\/\/vzsurgerycenter.com\/?product=microdermoabrasion","title":{"rendered":"MICRODERMOABRASI\u00d3N"},"content":{"rendered":"<h2>Candidatos<\/h2>\n<p>No son candidatos personas que tienen cicatrices muy prominentes, herpes, queloides, diabetes o verrugas, pacientes con cancer de piel, que tengan heridas abiertas y\/o quemaduras.<\/p>\n<p>Se recomienda a partir de los 16 a\u00f1os<\/p>\n<h2>Recuperaci\u00f3n<\/h2>\n<p>\u25a0 Se puede volver a las actividades b\u00e1sicas inmediatamente<br \/>\n\u25a0 Utilizar pantalla solar<\/p>\n","protected":false},"excerpt":{"rendered":"<p>La microdermoabrasi\u00f3n es un tratamiento est\u00e9tico que hace una exfoliaci\u00f3n profunda de la piel, retirando las c\u00e9lulas muertas de la capa m\u00e1s superficial, siendo muy eficiente para disminuir la piel grasosa, combatir arrugas, disminuir los poros dilatados. La microdermoabrasi\u00f3n es una t\u00e9cnica no invasiva y no produce dolor, sin embargo puede causar una leve descamaci\u00f3n de la piel. A\u00fan as\u00ed, es posible notar diferencias en el aspecto y brillo de la piel despu\u00e9s de la primera aplicaci\u00f3n. Esta puede puede realizarse cada 30 d\u00edas<\/p>\n","protected":false},"featured_media":12756,"template":"","meta":[],"product_brand":[],"product_cat":[15],"product_tag":[],"class_list":{"0":"post-12661","1":"product","2":"type-product","3":"status-publish","4":"has-post-thumbnail","6":"product_cat-uncategorized","8":"first","9":"instock","10":"shipping-taxable","11":"product-type-simple"},"_links":{"self":[{"href":"https:\/\/vzsurgerycenter.com\/index.php?rest_route=\/wp\/v2\/product\/12661","targetHints":{"allow":["GET"]}}],"collection":[{"href":"https:\/\/vzsurgerycenter.com\/index.php?rest_route=\/wp\/v2\/product"}],"about":[{"href":"https:\/\/vzsurgerycenter.com\/index.php?rest_route=\/wp\/v2\/types\/product"}],"wp:featuredmedia":[{"embeddable":true,"href":"https:\/\/vzsurgerycenter.com\/index.php?rest_route=\/wp\/v2\/media\/12756"}],"wp:attachment":[{"href":"https:\/\/vzsurgerycenter.com\/index.php?rest_route=%2Fwp%2Fv2%2Fmedia&parent=12661"}],"wp:term":[{"taxonomy":"product_brand","embeddable":true,"href":"https:\/\/vzsurgerycenter.com\/index.php?rest_route=%2Fwp%2Fv2%2Fproduct_brand&post=12661"},{"taxonomy":"product_cat","embeddable":true,"href":"https:\/\/vzsurgerycenter.com\/index.php?rest_route=%2Fwp%2Fv2%2Fproduct_cat&post=12661"},{"taxonomy":"product_tag","embeddable":true,"href":"https:\/\/vzsurgerycenter.com\/index.php?rest_route=%2Fwp%2Fv2%2Fproduct_tag&post=12661"}],"curies":[{"name":"wp","href":"https:\/\/api.w.org\/{rel}","templated":true}]}}