{"id":12662,"date":"2023-03-24T07:32:12","date_gmt":"2023-03-24T07:32:12","guid":{"rendered":"https:\/\/vzsurgerycenter.com\/?post_type=product&#038;p=12662"},"modified":"2023-03-26T03:15:02","modified_gmt":"2023-03-26T03:15:02","slug":"venus-legacy","status":"publish","type":"product","link":"https:\/\/vzsurgerycenter.com\/?product=venus-legacy","title":{"rendered":"Venus Legacy"},"content":{"rendered":"<h2>Candidatos<\/h2>\n<p>\u25a0 No personas obesas<br \/>\n\u25a0 Personas con celulitis o dep\u00f3sitos de grasa corporal localizada que no mejora con dieta y ejercicio y que no desean someterse a una cirug\u00eda.<\/p>\n<h2>Promedio de sesiones<\/h2>\n<p>\u25a0 8-10 sesiones por \u00e1res<br \/>\n\u25a0 Intervalos de 1 semana<\/p>\n<h2>Duraci\u00f3n de la sesi\u00f3n<\/h2>\n<p>\u25a0 30-60 minutos aproximadamente dependiendo del \u00e1rea a tratar<\/p>\n<h2>Recuperaci\u00f3n<\/h2>\n<p>\u25a0 Puede volver a su rutina diaria inmediatamente despu\u00e9s de la sesi\u00f3n de tratamiento.<br \/>\n\u25a0 Si es en cara, utilizar pantalla solar<\/p>\n","protected":false},"excerpt":{"rendered":"<ul>\n<li>Es un dispositivo avanzado de radiofrecuencia multipolar y campos electromagn\u00e9ticos pulsados que resuelve problemas de est\u00e9tica facial y corporal como remodelaci\u00f3n corporal, reducci\u00f3n de celulitis, tensado de la piel y reducci\u00f3n de arrugas sin cirug\u00eda.<\/li>\n<li>Este proceso ayuda a estimular de forma natural la formaci\u00f3n de fibras de col\u00e1geno y elastina, reduciendo a su vez, el volumen de las c\u00e9lulas adiposas. Al mismo tiempo, una succi\u00f3n pulsada ajustable (llamada VariPulse\u2122) tira suavemente la piel hacia arriba para permitir que la energ\u00eda penetre de manera m\u00e1s profunda, proporcionando un tratamiento m\u00e1s c\u00f3modo y eficaz. El resultado es un cuerpo con un aspecto m\u00e1s estilizado y esculpido, una piel m\u00e1s tensa y reducci\u00f3n de la celulitis.<\/li>\n<\/ul>\n","protected":false},"featured_media":12755,"template":"","meta":[],"product_brand":[],"product_cat":[15],"product_tag":[],"class_list":{"0":"post-12662","1":"product","2":"type-product","3":"status-publish","4":"has-post-thumbnail","6":"product_cat-uncategorized","8":"first","9":"instock","10":"shipping-taxable","11":"product-type-simple"},"_links":{"self":[{"href":"https:\/\/vzsurgerycenter.com\/index.php?rest_route=\/wp\/v2\/product\/12662","targetHints":{"allow":["GET"]}}],"collection":[{"href":"https:\/\/vzsurgerycenter.com\/index.php?rest_route=\/wp\/v2\/product"}],"about":[{"href":"https:\/\/vzsurgerycenter.com\/index.php?rest_route=\/wp\/v2\/types\/product"}],"wp:featuredmedia":[{"embeddable":true,"href":"https:\/\/vzsurgerycenter.com\/index.php?rest_route=\/wp\/v2\/media\/12755"}],"wp:attachment":[{"href":"https:\/\/vzsurgerycenter.com\/index.php?rest_route=%2Fwp%2Fv2%2Fmedia&parent=12662"}],"wp:term":[{"taxonomy":"product_brand","embeddable":true,"href":"https:\/\/vzsurgerycenter.com\/index.php?rest_route=%2Fwp%2Fv2%2Fproduct_brand&post=12662"},{"taxonomy":"product_cat","embeddable":true,"href":"https:\/\/vzsurgerycenter.com\/index.php?rest_route=%2Fwp%2Fv2%2Fproduct_cat&post=12662"},{"taxonomy":"product_tag","embeddable":true,"href":"https:\/\/vzsurgerycenter.com\/index.php?rest_route=%2Fwp%2Fv2%2Fproduct_tag&post=12662"}],"curies":[{"name":"wp","href":"https:\/\/api.w.org\/{rel}","templated":true}]}}