{"id":12664,"date":"2023-03-24T07:43:15","date_gmt":"2023-03-24T07:43:15","guid":{"rendered":"https:\/\/vzsurgerycenter.com\/?post_type=product&#038;p=12664"},"modified":"2023-06-01T06:59:57","modified_gmt":"2023-06-01T06:59:57","slug":"botox","status":"publish","type":"product","link":"https:\/\/vzsurgerycenter.com\/?product=botox","title":{"rendered":"BOTOX"},"content":{"rendered":"<h2>Beneficios<\/h2>\n<p>\u25a0 Se puede aplicar en cualquier \u00e9poca del a\u00f1o.<br \/>\n\u25a0 Es una t\u00e9cnica pr\u00e1cticamente indolora.<br \/>\n\u25a0 Sus efectos son inmediatos y se prolongan aproximadamente entre tres y seis meses.<br \/>\n\u25a0 Tiene pocas contraindicaciones.<br \/>\n\u25a0 Raramente produce efectos adversos, como reacciones al\u00e9rgicas, rigidez facial o n\u00e1useas.<\/p>\n<h2>Candidatos<\/h2>\n<p>\u25a0 Pacientes con arrugas din\u00e1micas como sonre\u00edr o fruncir el ce\u00f1o<br \/>\n\u25a0 No pacientes embarazadas o dando lactancia materna<br \/>\n\u25a0 Buena salud<\/p>\n<h2>Recuperaci\u00f3n<\/h2>\n<p>\u25a0 No acostarse o hacer ejercicio en las pr\u00f3ximas 4 horas despu\u00e9s de realizado el procedimiento<br \/>\n\u25a0 Utilizar pantalla solar<br \/>\n\u25a0 No interfiere con las actividades cotidianas ni requiere reposo<\/p>\n","protected":false},"excerpt":{"rendered":"<p>Su aplicaci\u00f3n m\u00e1s conocida es para la eliminaci\u00f3n de arrugas faciales, no requiere cirug\u00eda, se puede aplicar en cualquier momento, es indolora, sus efectos son inmediatos y muy rara vez produce efectos adversos. Se suele aplicar en el entrecejo, la frente, el per\u00edmetro de la boca, a los lados de los ojos y en el cuello.<\/p>\n<p>Los efectos del botox no son permanentes, por lo que si una persona desea mantener sus efectos deber\u00e1 someterse a su aplicaci\u00f3n en repetidas ocasiones.<\/p>\n<p>La duraci\u00f3n media de un tratamiento dura entre 4 y 6 meses (aunque en algunos pacientes s\u00f3lo dura dos meses). Una vez transcurrido este tiempo, las personas que deseen continuar con el tratamiento deben esperar otros tres meses para volver a aplicar la terapia.<\/p>\n","protected":false},"featured_media":12753,"template":"","meta":[],"product_brand":[],"product_cat":[15],"product_tag":[],"class_list":{"0":"post-12664","1":"product","2":"type-product","3":"status-publish","4":"has-post-thumbnail","6":"product_cat-uncategorized","8":"first","9":"instock","10":"shipping-taxable","11":"product-type-simple"},"_links":{"self":[{"href":"https:\/\/vzsurgerycenter.com\/index.php?rest_route=\/wp\/v2\/product\/12664","targetHints":{"allow":["GET"]}}],"collection":[{"href":"https:\/\/vzsurgerycenter.com\/index.php?rest_route=\/wp\/v2\/product"}],"about":[{"href":"https:\/\/vzsurgerycenter.com\/index.php?rest_route=\/wp\/v2\/types\/product"}],"wp:featuredmedia":[{"embeddable":true,"href":"https:\/\/vzsurgerycenter.com\/index.php?rest_route=\/wp\/v2\/media\/12753"}],"wp:attachment":[{"href":"https:\/\/vzsurgerycenter.com\/index.php?rest_route=%2Fwp%2Fv2%2Fmedia&parent=12664"}],"wp:term":[{"taxonomy":"product_brand","embeddable":true,"href":"https:\/\/vzsurgerycenter.com\/index.php?rest_route=%2Fwp%2Fv2%2Fproduct_brand&post=12664"},{"taxonomy":"product_cat","embeddable":true,"href":"https:\/\/vzsurgerycenter.com\/index.php?rest_route=%2Fwp%2Fv2%2Fproduct_cat&post=12664"},{"taxonomy":"product_tag","embeddable":true,"href":"https:\/\/vzsurgerycenter.com\/index.php?rest_route=%2Fwp%2Fv2%2Fproduct_tag&post=12664"}],"curies":[{"name":"wp","href":"https:\/\/api.w.org\/{rel}","templated":true}]}}