{"id":12842,"date":"2023-06-01T06:05:44","date_gmt":"2023-06-01T06:05:44","guid":{"rendered":"https:\/\/vzsurgerycenter.com\/?post_type=product&#038;p=12842"},"modified":"2023-06-01T06:06:20","modified_gmt":"2023-06-01T06:06:20","slug":"blefaroplastia","status":"publish","type":"product","link":"https:\/\/vzsurgerycenter.com\/?product=blefaroplastia","title":{"rendered":"BLEFAROPLASTIA"},"content":{"rendered":"","protected":false},"excerpt":{"rendered":"<p>La blefaroplast\u00eda es un procedimiento quir\u00fargico cuyo fin es eliminar el exceso de piel, grasa y m\u00fasculo de los p\u00e1rpados, tanto superiores como inferiores. La blefaroplastia puede mejorar la piel fl\u00e1cida y las bolsas, y puede ayudar a mejorar la visi\u00f3n en personas mayores que presentan un exceso importante de p\u00e1rpado superior que cae sobre la pupila.<\/p>\n","protected":false},"featured_media":12843,"template":"","meta":[],"product_brand":[],"product_cat":[15],"product_tag":[],"class_list":{"0":"post-12842","1":"product","2":"type-product","3":"status-publish","4":"has-post-thumbnail","6":"product_cat-uncategorized","8":"first","9":"instock","10":"shipping-taxable","11":"product-type-simple"},"_links":{"self":[{"href":"https:\/\/vzsurgerycenter.com\/index.php?rest_route=\/wp\/v2\/product\/12842","targetHints":{"allow":["GET"]}}],"collection":[{"href":"https:\/\/vzsurgerycenter.com\/index.php?rest_route=\/wp\/v2\/product"}],"about":[{"href":"https:\/\/vzsurgerycenter.com\/index.php?rest_route=\/wp\/v2\/types\/product"}],"wp:featuredmedia":[{"embeddable":true,"href":"https:\/\/vzsurgerycenter.com\/index.php?rest_route=\/wp\/v2\/media\/12843"}],"wp:attachment":[{"href":"https:\/\/vzsurgerycenter.com\/index.php?rest_route=%2Fwp%2Fv2%2Fmedia&parent=12842"}],"wp:term":[{"taxonomy":"product_brand","embeddable":true,"href":"https:\/\/vzsurgerycenter.com\/index.php?rest_route=%2Fwp%2Fv2%2Fproduct_brand&post=12842"},{"taxonomy":"product_cat","embeddable":true,"href":"https:\/\/vzsurgerycenter.com\/index.php?rest_route=%2Fwp%2Fv2%2Fproduct_cat&post=12842"},{"taxonomy":"product_tag","embeddable":true,"href":"https:\/\/vzsurgerycenter.com\/index.php?rest_route=%2Fwp%2Fv2%2Fproduct_tag&post=12842"}],"curies":[{"name":"wp","href":"https:\/\/api.w.org\/{rel}","templated":true}]}}