{"id":12849,"date":"2023-06-01T07:11:25","date_gmt":"2023-06-01T07:11:25","guid":{"rendered":"https:\/\/vzsurgerycenter.com\/?post_type=product&#038;p=12849"},"modified":"2023-06-01T07:11:25","modified_gmt":"2023-06-01T07:11:25","slug":"cavitacion","status":"publish","type":"product","link":"https:\/\/vzsurgerycenter.com\/?product=cavitacion","title":{"rendered":"CAVITACI\u00d3N"},"content":{"rendered":"","protected":false},"excerpt":{"rendered":"<p>La cavitaci\u00f3n es un tratamiento cuyo prop\u00f3sito es la eliminaci\u00f3n de acumulaciones de grasa localizada, favoreciendo la reducci\u00f3n de volumen corporal a trav\u00e9s de la utilizaci\u00f3n de ultrasonidos de baja frecuencia.<br \/>\nSe trata de un proceso no invasivo con una muy alta eficacia. Las sesiones del tratamiento de cavitaci\u00f3n son r\u00e1pidas y sencillas, durando de media entre 30 y 45 minutos cada sesi\u00f3n. Por lo general, suelen ser necesarias entre 6 y 12 sesiones, dependiendo de las necesidades del paciente.<\/p>\n","protected":false},"featured_media":12850,"template":"","meta":[],"product_brand":[],"product_cat":[15],"product_tag":[],"class_list":{"0":"post-12849","1":"product","2":"type-product","3":"status-publish","4":"has-post-thumbnail","6":"product_cat-uncategorized","8":"first","9":"instock","10":"shipping-taxable","11":"product-type-simple"},"_links":{"self":[{"href":"https:\/\/vzsurgerycenter.com\/index.php?rest_route=\/wp\/v2\/product\/12849","targetHints":{"allow":["GET"]}}],"collection":[{"href":"https:\/\/vzsurgerycenter.com\/index.php?rest_route=\/wp\/v2\/product"}],"about":[{"href":"https:\/\/vzsurgerycenter.com\/index.php?rest_route=\/wp\/v2\/types\/product"}],"wp:featuredmedia":[{"embeddable":true,"href":"https:\/\/vzsurgerycenter.com\/index.php?rest_route=\/wp\/v2\/media\/12850"}],"wp:attachment":[{"href":"https:\/\/vzsurgerycenter.com\/index.php?rest_route=%2Fwp%2Fv2%2Fmedia&parent=12849"}],"wp:term":[{"taxonomy":"product_brand","embeddable":true,"href":"https:\/\/vzsurgerycenter.com\/index.php?rest_route=%2Fwp%2Fv2%2Fproduct_brand&post=12849"},{"taxonomy":"product_cat","embeddable":true,"href":"https:\/\/vzsurgerycenter.com\/index.php?rest_route=%2Fwp%2Fv2%2Fproduct_cat&post=12849"},{"taxonomy":"product_tag","embeddable":true,"href":"https:\/\/vzsurgerycenter.com\/index.php?rest_route=%2Fwp%2Fv2%2Fproduct_tag&post=12849"}],"curies":[{"name":"wp","href":"https:\/\/api.w.org\/{rel}","templated":true}]}}