{"id":12851,"date":"2023-06-01T07:12:05","date_gmt":"2023-06-01T07:12:05","guid":{"rendered":"https:\/\/vzsurgerycenter.com\/?post_type=product&#038;p=12851"},"modified":"2023-06-01T07:12:05","modified_gmt":"2023-06-01T07:12:05","slug":"radiofrecuencia","status":"publish","type":"product","link":"https:\/\/vzsurgerycenter.com\/?product=radiofrecuencia","title":{"rendered":"RADIOFRECUENCIA"},"content":{"rendered":"","protected":false},"excerpt":{"rendered":"<p>Venus LegacyTM es un tratamiento a base de radiofrecuencia multipolar y campos electromagn\u00e9ticos que permite una penetraci\u00f3n profunda de energ\u00eda, drenaje linf\u00e1tico y estimula la circulaci\u00f3n.Emite radiofrecuencia multipolar generando un campo magn\u00e9tico que produce un aumento de la temperatura. Este aumento de temperatura puede dirigirse a la dermis como al tejido graso, provocando reacciones a nivel celular, estimulando la formaci\u00f3n de nuevo col\u00e1geno y aumentando el grosor de la dermis, lo que provoca un aumento de firmeza tisular. Adem\u00e1s de, favorecer el drenaje linf\u00e1tico y la circulaci\u00f3n.<\/p>\n","protected":false},"featured_media":12852,"template":"","meta":[],"product_brand":[],"product_cat":[15],"product_tag":[],"class_list":{"0":"post-12851","1":"product","2":"type-product","3":"status-publish","4":"has-post-thumbnail","6":"product_cat-uncategorized","8":"first","9":"instock","10":"shipping-taxable","11":"product-type-simple"},"_links":{"self":[{"href":"https:\/\/vzsurgerycenter.com\/index.php?rest_route=\/wp\/v2\/product\/12851","targetHints":{"allow":["GET"]}}],"collection":[{"href":"https:\/\/vzsurgerycenter.com\/index.php?rest_route=\/wp\/v2\/product"}],"about":[{"href":"https:\/\/vzsurgerycenter.com\/index.php?rest_route=\/wp\/v2\/types\/product"}],"wp:featuredmedia":[{"embeddable":true,"href":"https:\/\/vzsurgerycenter.com\/index.php?rest_route=\/wp\/v2\/media\/12852"}],"wp:attachment":[{"href":"https:\/\/vzsurgerycenter.com\/index.php?rest_route=%2Fwp%2Fv2%2Fmedia&parent=12851"}],"wp:term":[{"taxonomy":"product_brand","embeddable":true,"href":"https:\/\/vzsurgerycenter.com\/index.php?rest_route=%2Fwp%2Fv2%2Fproduct_brand&post=12851"},{"taxonomy":"product_cat","embeddable":true,"href":"https:\/\/vzsurgerycenter.com\/index.php?rest_route=%2Fwp%2Fv2%2Fproduct_cat&post=12851"},{"taxonomy":"product_tag","embeddable":true,"href":"https:\/\/vzsurgerycenter.com\/index.php?rest_route=%2Fwp%2Fv2%2Fproduct_tag&post=12851"}],"curies":[{"name":"wp","href":"https:\/\/api.w.org\/{rel}","templated":true}]}}